{"id":186,"date":"2024-10-14T20:22:29","date_gmt":"2024-10-14T18:22:29","guid":{"rendered":"https:\/\/ictamedia.fi\/wp\/?page_id=186"},"modified":"2024-10-14T21:42:05","modified_gmt":"2024-10-14T19:42:05","slug":"yritys","status":"publish","type":"page","link":"https:\/\/ictamedia.fi\/wp\/?page_id=186","title":{"rendered":"Yritys"},"content":{"rendered":"\n<p>Ictamedia (Information and Communication Technologies media) viestint\u00e4yritys on printti- ja verkkoviestinn\u00e4n osaaja. <\/p>\n\n\n\n<p>Yritys on perustettu vuonna 2005. Nykyisin aputoiminimen\u00e4 oleva Tutkimusmedian tarkoitus oli tehd\u00e4 markkinatutkimuksia.  Lis\u00e4ksi aputoiminen\u00e4 on Turvallisuusmedia, jonka kautta oli tarkoitus alkaa myyd\u00e4 kodin turvalaitteita, mutta t\u00e4m\u00e4 ei muilta kiireilt\u00e4 ei kuitenkaan toteutunut.<\/p>\n\n\n\n<p>Yrityksen perustajan digiosaamisen alkutaival alkoi jo 1990-luvulla ennen internetin nousua, jolloin tehtiin rakennusalan markkinatutkimuksia kahdelle suurelle suomalaiselle rakennusalan markkinatietoa ker\u00e4\u00e4ville yrityksille. Internet ei viel\u00e4 ollut yleisesti k\u00e4yt\u00f6ss\u00e4, tiedot l\u00e4hetettiin eteenp\u00e4in postitse tai faxilla. Haastattelut tehtiin asiakasyrityksiss\u00e4 paikan p\u00e4\u00e4ll\u00e4 tai puhelimitse. 1999- 2004 oli uuden rekrytointialan internetyrityksen puitteissa p\u00e4\u00e4ty\u00f6,  ty\u00f6paikkailmoittelua vietiin vauhdilla internettiin.  <\/p>\n\n\n\n<p>Mukaan tuli 2001 kuvioihin uuden auto- ja motoalan internetyrityksen markkinointi. Alkuun ei ollut lainkaan asiakkaita, mutta usko tulevaisuuteen oli luja. Ensimm\u00e4iset asiakkaat l\u00f6ytyiv\u00e4t kuitenkin nopeasti ja oli todella mielenkiintoista seurata alan kehityst\u00e4 startup ajoista l\u00e4htien. Nyky\u00e4\u00e4n johtavan autoalan foorumin kanssa yhteisty\u00f6 jatkuu toisen yrityksen kautta edelleen moderoinnin ja asiakaspalvelun merkeiss\u00e4. Autoalan sivuston omistuskin on ehtinyt vaihtua useaan otteeseen.<\/p>\n\n\n\n<p><\/p>\n\n\n\n<p>2013- 2023 kokeiltiin sisustusalan verkkokauppaa. Mukana oli parhaimmillaan viisi tukkuria ja monipuolinen tuotevalikoima aina lipastoista 3D tulostimiin asti. Verkkokauppa kasvoi voimakkaasti mutta kilpailu koveni, kun kaikki alan toimijat ja ketjut perustivat omat verkkokauppansa. Pienen verkkokaupan oli mahdoton painaa hintoja riitt\u00e4v\u00e4n kilpailukyisesti alas. Suosituin tuote oli uudella tekniikalla varustettu retro levysoitin ja lipastot. <\/p>\n\n\n\n<p>Freelance toimittajan t\u00f6it\u00e4 on tehty jo vuodesta 2006. Paikallisen pienen poliittisesti riippumattoman kustantajan kaupunkilehte\u00e4 tehd\u00e4\u00e4n s\u00e4\u00e4nn\u00f6llisesti edelleen. Lehti ilmestyy 4-6 kertaa vuodessa, rakennuslehti, maa- ja mets\u00e4talouslehti, kes\u00e4lehti ja joululehti ilmestyv\u00e4t edelleen s\u00e4\u00e4nn\u00f6llisesti l\u00e4hinn\u00e4 Satakunnan alueella, my\u00f6s internetiss\u00e4 on lehden viimeisimm\u00e4t numerot.<\/p>\n\n\n\n<p>Yritt\u00e4j\u00e4naisten paikallista tiedotuslehte\u00e4 on oltu toimittamassa useita vuosia. Yhteisty\u00f6ss\u00e4 viestint\u00e4toimistojen kanssa on lis\u00e4ksi laadittu mielenkiintoisia yritysjuttuja eri toimialoilta mm. rakentaminen, tekninen ala, teollisuus, turvallisuus, maa- ja mets\u00e4talous, sisustus jne.<\/p>\n\n\n\n<p>Yrityksen Ictamedia yritt\u00e4j\u00e4 on mukana aktiivisesti paikallisessa yritt\u00e4j\u00e4naisten j\u00e4rjest\u00f6ss\u00e4 ja hallitusteht\u00e4viss\u00e4 paikallisessa Martta-yhdistyksess\u00e4. Lis\u00e4ksi on j\u00e4senyys Journalistiliitossa sek\u00e4 Suomen Yritt\u00e4jiss\u00e4. Jo 1990-luvulla toimittaja oli mukana kristillisen koulun johtokunnassa ja ty\u00f6st\u00e4m\u00e4ss\u00e4 koulun tiedotuslehte\u00e4. <\/p>\n\n\n\n<p>Internet- ja digiajan muutokset ovat tulleet tutuiksi erilaisissa teht\u00e4viss\u00e4 ja nyt AI  teko\u00e4lyn nostaessa p\u00e4\u00e4t\u00e4\u00e4n j\u00e4\u00e4d\u00e4\u00e4n odottamaan mit\u00e4 ihmeit\u00e4 tulevaisuus tuokaan viel\u00e4 tullessaan.<\/p>\n\n\n\n<p><\/p>\n","protected":false},"excerpt":{"rendered":"<p>Ictamedia (Information and Communication Technologies media) viestint\u00e4yritys on printti- ja verkkoviestinn\u00e4n osaaja. Yritys on perustettu vuonna 2005. Nykyisin aputoiminimen\u00e4 oleva Tutkimusmedian tarkoitus oli tehd\u00e4 markkinatutkimuksia. Lis\u00e4ksi aputoiminen\u00e4 on Turvallisuusmedia, jonka kautta oli tarkoitus alkaa myyd\u00e4&hellip; <\/p>\n<p><a class=\"more-link\" href=\"https:\/\/ictamedia.fi\/wp\/?page_id=186\">Continue Reading Yritys<\/a><\/p>\n","protected":false},"author":1,"featured_media":0,"parent":0,"menu_order":0,"comment_status":"closed","ping_status":"closed","template":"","meta":{"saved_in_kubio":false,"footnotes":""},"class_list":["post-186","page","type-page","status-publish","hentry"],"kubio_ai_page_context":{"short_desc":"","purpose":"general"},"_links":{"self":[{"href":"https:\/\/ictamedia.fi\/wp\/index.php?rest_route=\/wp\/v2\/pages\/186"}],"collection":[{"href":"https:\/\/ictamedia.fi\/wp\/index.php?rest_route=\/wp\/v2\/pages"}],"about":[{"href":"https:\/\/ictamedia.fi\/wp\/index.php?rest_route=\/wp\/v2\/types\/page"}],"author":[{"embeddable":true,"href":"https:\/\/ictamedia.fi\/wp\/index.php?rest_route=\/wp\/v2\/users\/1"}],"replies":[{"embeddable":true,"href":"https:\/\/ictamedia.fi\/wp\/index.php?rest_route=%2Fwp%2Fv2%2Fcomments&post=186"}],"version-history":[{"count":5,"href":"https:\/\/ictamedia.fi\/wp\/index.php?rest_route=\/wp\/v2\/pages\/186\/revisions"}],"predecessor-version":[{"id":244,"href":"https:\/\/ictamedia.fi\/wp\/index.php?rest_route=\/wp\/v2\/pages\/186\/revisions\/244"}],"wp:attachment":[{"href":"https:\/\/ictamedia.fi\/wp\/index.php?rest_route=%2Fwp%2Fv2%2Fmedia&parent=186"}],"curies":[{"name":"wp","href":"https:\/\/api.w.org\/{rel}","templated":true}]}}